{"id":441,"date":"2018-11-26T12:46:25","date_gmt":"2018-11-26T12:46:25","guid":{"rendered":"http:\/\/busmetall.de.domainpreview.eu\/index.php\/product-2\/"},"modified":"2022-03-17T11:53:01","modified_gmt":"2022-03-17T10:53:01","slug":"produkte","status":"publish","type":"page","link":"https:\/\/busmetall.de\/index.php\/produkte\/","title":{"rendered":"Produkte"},"content":{"rendered":"\t\t<div data-elementor-type=\"wp-post\" data-elementor-id=\"441\" class=\"elementor elementor-441\">\n\t\t\t\t\t\t<section class=\"elementor-section elementor-top-section elementor-element elementor-element-39dabc18 elementor-section-content-middle elementor-section-boxed elementor-section-height-default elementor-section-height-default\" data-id=\"39dabc18\" data-element_type=\"section\" data-settings=\"{&quot;background_background&quot;:&quot;classic&quot;}\">\n\t\t\t\t\t\t\t<div class=\"elementor-background-overlay\"><\/div>\n\t\t\t\t\t\t\t<div class=\"elementor-container elementor-column-gap-no\">\n\t\t\t\t\t<div class=\"elementor-column elementor-col-100 elementor-top-column elementor-element elementor-element-f60585f\" data-id=\"f60585f\" data-element_type=\"column\">\n\t\t\t<div class=\"elementor-widget-wrap elementor-element-populated\">\n\t\t\t\t\t\t<div class=\"elementor-element elementor-element-438af913 elementor-widget elementor-widget-heading\" data-id=\"438af913\" data-element_type=\"widget\" data-widget_type=\"heading.default\">\n\t\t\t\t<div class=\"elementor-widget-container\">\n\t\t\t\t\t<h1 class=\"elementor-heading-title elementor-size-default\">Produkte und referenzen<\/h1>\t\t\t\t<\/div>\n\t\t\t\t<\/div>\n\t\t\t\t\t<\/div>\n\t\t<\/div>\n\t\t\t\t\t<\/div>\n\t\t<\/section>\n\t\t\t\t<section class=\"elementor-section elementor-top-section elementor-element elementor-element-e160972 elementor-section-content-middle elementor-section-boxed elementor-section-height-default elementor-section-height-default\" data-id=\"e160972\" data-element_type=\"section\" data-settings=\"{&quot;background_background&quot;:&quot;classic&quot;}\">\n\t\t\t\t\t\t\t<div class=\"elementor-background-overlay\"><\/div>\n\t\t\t\t\t\t\t<div class=\"elementor-container elementor-column-gap-no\">\n\t\t\t\t\t<div class=\"elementor-column elementor-col-50 elementor-top-column elementor-element elementor-element-19602117\" data-id=\"19602117\" data-element_type=\"column\">\n\t\t\t<div class=\"elementor-widget-wrap elementor-element-populated\">\n\t\t\t\t\t\t<div class=\"elementor-element elementor-element-6c0e90d0 elementor-widget elementor-widget-heading\" data-id=\"6c0e90d0\" data-element_type=\"widget\" data-widget_type=\"heading.default\">\n\t\t\t\t<div class=\"elementor-widget-container\">\n\t\t\t\t\t<h2 class=\"elementor-heading-title elementor-size-default\">Bilder sagen mehr als Worte<\/h2>\t\t\t\t<\/div>\n\t\t\t\t<\/div>\n\t\t\t\t<div class=\"elementor-element elementor-element-4e783955 elementor-widget elementor-widget-text-editor\" data-id=\"4e783955\" data-element_type=\"widget\" data-widget_type=\"text-editor.default\">\n\t\t\t\t<div class=\"elementor-widget-container\">\n\t\t\t\t\t\t\t\t\t<p>Produkte aus der Metallverarbeitung und Maschinenbau ist sehr vielf\u00e4ltig, dass sollen auch unsere Beispiele zeigen. Auf den Abbildungen sehen Sie Einzel- bzw. Serienteile, Baugruppen oder montierte Anlagen. Die Bilder sind uns von unseren Kunden zur Verf\u00fcgung gestellt worden, und sollen Ihnen als Anregung und Machbarkeit f\u00fcr die Fertigung bei B.u.S. Metallbau dienen.<\/p><h3>In einem pers\u00f6nlichen Gespr\u00e4ch er\u00f6rtern wir gern Ihr Wunschbauteil.<\/h3>\t\t\t\t\t\t\t\t<\/div>\n\t\t\t\t<\/div>\n\t\t\t\t<div class=\"elementor-element elementor-element-cf937e0 elementor-align-left elementor-widget elementor-widget-button\" data-id=\"cf937e0\" data-element_type=\"widget\" data-widget_type=\"button.default\">\n\t\t\t\t<div class=\"elementor-widget-container\">\n\t\t\t\t\t\t\t\t\t<div class=\"elementor-button-wrapper\">\n\t\t\t\t\t<a class=\"elementor-button elementor-button-link elementor-size-sm\" href=\"https:\/\/busmetall.de.domainpreview.eu\/index.php\/kontakt\/\">\n\t\t\t\t\t\t<span class=\"elementor-button-content-wrapper\">\n\t\t\t\t\t\t<span class=\"elementor-button-icon\">\n\t\t\t\t<i aria-hidden=\"true\" class=\"fas fa-envelope-square\"><\/i>\t\t\t<\/span>\n\t\t\t\t\t\t\t\t\t<span class=\"elementor-button-text\">Jetzt anfragen<\/span>\n\t\t\t\t\t<\/span>\n\t\t\t\t\t<\/a>\n\t\t\t\t<\/div>\n\t\t\t\t\t\t\t\t<\/div>\n\t\t\t\t<\/div>\n\t\t\t\t\t<\/div>\n\t\t<\/div>\n\t\t\t\t<div class=\"elementor-column elementor-col-50 elementor-top-column elementor-element elementor-element-43c2a6a2\" data-id=\"43c2a6a2\" data-element_type=\"column\">\n\t\t\t<div class=\"elementor-widget-wrap elementor-element-populated\">\n\t\t\t\t\t<div class=\"elementor-background-overlay\"><\/div>\n\t\t\t\t\t\t<div class=\"elementor-element elementor-element-6742f42 elementor-widget elementor-widget-image\" data-id=\"6742f42\" data-element_type=\"widget\" data-widget_type=\"image.default\">\n\t\t\t\t<div class=\"elementor-widget-container\">\n\t\t\t\t\t\t\t\t\t\t\t\t\t\t\t<img fetchpriority=\"high\" decoding=\"async\" width=\"800\" height=\"600\" src=\"https:\/\/busmetall.de\/wp-content\/uploads\/2022\/03\/busmetall_produkt800600_0008__MG_0624.jpg\" class=\"attachment-large size-large wp-image-673\" alt=\"\" srcset=\"https:\/\/busmetall.de\/wp-content\/uploads\/2022\/03\/busmetall_produkt800600_0008__MG_0624.jpg 800w, https:\/\/busmetall.de\/wp-content\/uploads\/2022\/03\/busmetall_produkt800600_0008__MG_0624-300x225.jpg 300w, https:\/\/busmetall.de\/wp-content\/uploads\/2022\/03\/busmetall_produkt800600_0008__MG_0624-768x576.jpg 768w\" sizes=\"(max-width: 800px) 100vw, 800px\" \/>\t\t\t\t\t\t\t\t\t\t\t\t\t\t\t<\/div>\n\t\t\t\t<\/div>\n\t\t\t\t\t<\/div>\n\t\t<\/div>\n\t\t\t\t\t<\/div>\n\t\t<\/section>\n\t\t\t\t<section class=\"elementor-section elementor-top-section elementor-element elementor-element-d866a7e elementor-section-boxed elementor-section-height-default elementor-section-height-default\" data-id=\"d866a7e\" data-element_type=\"section\">\n\t\t\t\t\t\t<div class=\"elementor-container elementor-column-gap-default\">\n\t\t\t\t\t<div class=\"elementor-column elementor-col-66 elementor-top-column elementor-element elementor-element-cd44601\" data-id=\"cd44601\" data-element_type=\"column\">\n\t\t\t<div class=\"elementor-widget-wrap elementor-element-populated\">\n\t\t\t\t\t\t<div class=\"elementor-element elementor-element-0cfdf11 elementor-widget elementor-widget-heading\" data-id=\"0cfdf11\" data-element_type=\"widget\" data-widget_type=\"heading.default\">\n\t\t\t\t<div class=\"elementor-widget-container\">\n\t\t\t\t\t<h2 class=\"elementor-heading-title elementor-size-default\">Eine \u00dcbersicht interessanter Produkte unserer Kunden<\/h2>\t\t\t\t<\/div>\n\t\t\t\t<\/div>\n\t\t\t\t\t<\/div>\n\t\t<\/div>\n\t\t\t\t<div class=\"elementor-column elementor-col-33 elementor-top-column elementor-element elementor-element-e509800\" data-id=\"e509800\" data-element_type=\"column\">\n\t\t\t<div class=\"elementor-widget-wrap\">\n\t\t\t\t\t\t\t<\/div>\n\t\t<\/div>\n\t\t\t\t\t<\/div>\n\t\t<\/section>\n\t\t\t\t<section class=\"elementor-section elementor-top-section elementor-element elementor-element-7ac7949 elementor-section-boxed elementor-section-height-default elementor-section-height-default\" data-id=\"7ac7949\" data-element_type=\"section\">\n\t\t\t\t\t\t<div class=\"elementor-container elementor-column-gap-default\">\n\t\t\t\t\t<div class=\"elementor-column elementor-col-33 elementor-top-column elementor-element elementor-element-f246662\" data-id=\"f246662\" data-element_type=\"column\">\n\t\t\t<div class=\"elementor-widget-wrap elementor-element-populated\">\n\t\t\t\t\t\t<div class=\"elementor-element elementor-element-2724b32 elementor-widget elementor-widget-image\" data-id=\"2724b32\" data-element_type=\"widget\" data-widget_type=\"image.default\">\n\t\t\t\t<div class=\"elementor-widget-container\">\n\t\t\t\t\t\t\t\t\t\t\t\t\t\t\t<img fetchpriority=\"high\" decoding=\"async\" width=\"800\" height=\"600\" src=\"https:\/\/busmetall.de\/wp-content\/uploads\/2022\/03\/busmetall_produkt800600_0008__MG_0624.jpg\" class=\"attachment-large size-large wp-image-673\" alt=\"\" srcset=\"https:\/\/busmetall.de\/wp-content\/uploads\/2022\/03\/busmetall_produkt800600_0008__MG_0624.jpg 800w, https:\/\/busmetall.de\/wp-content\/uploads\/2022\/03\/busmetall_produkt800600_0008__MG_0624-300x225.jpg 300w, https:\/\/busmetall.de\/wp-content\/uploads\/2022\/03\/busmetall_produkt800600_0008__MG_0624-768x576.jpg 768w\" sizes=\"(max-width: 800px) 100vw, 800px\" \/>\t\t\t\t\t\t\t\t\t\t\t\t\t\t\t<\/div>\n\t\t\t\t<\/div>\n\t\t\t\t<div class=\"elementor-element elementor-element-351c41c elementor-widget elementor-widget-text-editor\" data-id=\"351c41c\" data-element_type=\"widget\" data-widget_type=\"text-editor.default\">\n\t\t\t\t<div class=\"elementor-widget-container\">\n\t\t\t\t\t\t\t\t\t<p>Lorem ipsum dolor sit amet, consectetur adipiscing elit. Ut elit tellus, luctus nec ullamcorper mattis, pulvinar dapibus leo.<\/p>\t\t\t\t\t\t\t\t<\/div>\n\t\t\t\t<\/div>\n\t\t\t\t\t<\/div>\n\t\t<\/div>\n\t\t\t\t<div class=\"elementor-column elementor-col-33 elementor-top-column elementor-element elementor-element-40f6b15\" data-id=\"40f6b15\" data-element_type=\"column\">\n\t\t\t<div class=\"elementor-widget-wrap elementor-element-populated\">\n\t\t\t\t\t\t<div class=\"elementor-element elementor-element-00aa489 elementor-widget elementor-widget-image\" data-id=\"00aa489\" data-element_type=\"widget\" data-widget_type=\"image.default\">\n\t\t\t\t<div class=\"elementor-widget-container\">\n\t\t\t\t\t\t\t\t\t\t\t\t\t\t\t<img fetchpriority=\"high\" decoding=\"async\" width=\"800\" height=\"600\" src=\"https:\/\/busmetall.de\/wp-content\/uploads\/2022\/03\/busmetall_produkt800600_0008__MG_0624.jpg\" class=\"attachment-large size-large wp-image-673\" alt=\"\" srcset=\"https:\/\/busmetall.de\/wp-content\/uploads\/2022\/03\/busmetall_produkt800600_0008__MG_0624.jpg 800w, https:\/\/busmetall.de\/wp-content\/uploads\/2022\/03\/busmetall_produkt800600_0008__MG_0624-300x225.jpg 300w, https:\/\/busmetall.de\/wp-content\/uploads\/2022\/03\/busmetall_produkt800600_0008__MG_0624-768x576.jpg 768w\" sizes=\"(max-width: 800px) 100vw, 800px\" \/>\t\t\t\t\t\t\t\t\t\t\t\t\t\t\t<\/div>\n\t\t\t\t<\/div>\n\t\t\t\t<div class=\"elementor-element elementor-element-1a163d2 elementor-widget elementor-widget-text-editor\" data-id=\"1a163d2\" data-element_type=\"widget\" data-widget_type=\"text-editor.default\">\n\t\t\t\t<div class=\"elementor-widget-container\">\n\t\t\t\t\t\t\t\t\t<p>Lorem ipsum dolor sit amet, consectetur adipiscing elit. Ut elit tellus, luctus nec ullamcorper mattis, pulvinar dapibus leo.<\/p>\t\t\t\t\t\t\t\t<\/div>\n\t\t\t\t<\/div>\n\t\t\t\t\t<\/div>\n\t\t<\/div>\n\t\t\t\t<div class=\"elementor-column elementor-col-33 elementor-top-column elementor-element elementor-element-3a907ad\" data-id=\"3a907ad\" data-element_type=\"column\">\n\t\t\t<div class=\"elementor-widget-wrap elementor-element-populated\">\n\t\t\t\t\t\t<div class=\"elementor-element elementor-element-3152c04 elementor-widget elementor-widget-image\" data-id=\"3152c04\" data-element_type=\"widget\" data-widget_type=\"image.default\">\n\t\t\t\t<div class=\"elementor-widget-container\">\n\t\t\t\t\t\t\t\t\t\t\t\t\t\t\t<img fetchpriority=\"high\" decoding=\"async\" width=\"800\" height=\"600\" src=\"https:\/\/busmetall.de\/wp-content\/uploads\/2022\/03\/busmetall_produkt800600_0008__MG_0624.jpg\" class=\"attachment-large size-large wp-image-673\" alt=\"\" srcset=\"https:\/\/busmetall.de\/wp-content\/uploads\/2022\/03\/busmetall_produkt800600_0008__MG_0624.jpg 800w, https:\/\/busmetall.de\/wp-content\/uploads\/2022\/03\/busmetall_produkt800600_0008__MG_0624-300x225.jpg 300w, https:\/\/busmetall.de\/wp-content\/uploads\/2022\/03\/busmetall_produkt800600_0008__MG_0624-768x576.jpg 768w\" sizes=\"(max-width: 800px) 100vw, 800px\" \/>\t\t\t\t\t\t\t\t\t\t\t\t\t\t\t<\/div>\n\t\t\t\t<\/div>\n\t\t\t\t<div class=\"elementor-element elementor-element-5f679f9 elementor-widget elementor-widget-text-editor\" data-id=\"5f679f9\" data-element_type=\"widget\" data-widget_type=\"text-editor.default\">\n\t\t\t\t<div class=\"elementor-widget-container\">\n\t\t\t\t\t\t\t\t\t<p>Lorem ipsum dolor sit amet, consectetur adipiscing elit. Ut elit tellus, luctus nec ullamcorper mattis, pulvinar dapibus leo.<\/p>\t\t\t\t\t\t\t\t<\/div>\n\t\t\t\t<\/div>\n\t\t\t\t\t<\/div>\n\t\t<\/div>\n\t\t\t\t\t<\/div>\n\t\t<\/section>\n\t\t\t\t<section class=\"elementor-section elementor-top-section elementor-element elementor-element-70c3a84 elementor-section-boxed elementor-section-height-default elementor-section-height-default\" data-id=\"70c3a84\" data-element_type=\"section\">\n\t\t\t\t\t\t<div class=\"elementor-container elementor-column-gap-default\">\n\t\t\t\t\t<div class=\"elementor-column elementor-col-33 elementor-top-column elementor-element elementor-element-3176708\" data-id=\"3176708\" data-element_type=\"column\">\n\t\t\t<div class=\"elementor-widget-wrap elementor-element-populated\">\n\t\t\t\t\t\t<div class=\"elementor-element elementor-element-2378391 elementor-widget elementor-widget-image\" data-id=\"2378391\" data-element_type=\"widget\" data-widget_type=\"image.default\">\n\t\t\t\t<div class=\"elementor-widget-container\">\n\t\t\t\t\t\t\t\t\t\t\t\t\t\t\t<img fetchpriority=\"high\" decoding=\"async\" width=\"800\" height=\"600\" src=\"https:\/\/busmetall.de\/wp-content\/uploads\/2022\/03\/busmetall_produkt800600_0008__MG_0624.jpg\" class=\"attachment-large size-large wp-image-673\" alt=\"\" srcset=\"https:\/\/busmetall.de\/wp-content\/uploads\/2022\/03\/busmetall_produkt800600_0008__MG_0624.jpg 800w, https:\/\/busmetall.de\/wp-content\/uploads\/2022\/03\/busmetall_produkt800600_0008__MG_0624-300x225.jpg 300w, https:\/\/busmetall.de\/wp-content\/uploads\/2022\/03\/busmetall_produkt800600_0008__MG_0624-768x576.jpg 768w\" sizes=\"(max-width: 800px) 100vw, 800px\" \/>\t\t\t\t\t\t\t\t\t\t\t\t\t\t\t<\/div>\n\t\t\t\t<\/div>\n\t\t\t\t<div class=\"elementor-element elementor-element-a9d21dc elementor-widget elementor-widget-text-editor\" data-id=\"a9d21dc\" data-element_type=\"widget\" data-widget_type=\"text-editor.default\">\n\t\t\t\t<div class=\"elementor-widget-container\">\n\t\t\t\t\t\t\t\t\t<p>Lorem ipsum dolor sit amet, consectetur adipiscing elit. Ut elit tellus, luctus nec ullamcorper mattis, pulvinar dapibus leo.<\/p>\t\t\t\t\t\t\t\t<\/div>\n\t\t\t\t<\/div>\n\t\t\t\t\t<\/div>\n\t\t<\/div>\n\t\t\t\t<div class=\"elementor-column elementor-col-33 elementor-top-column elementor-element elementor-element-1dbbf07\" data-id=\"1dbbf07\" data-element_type=\"column\">\n\t\t\t<div class=\"elementor-widget-wrap elementor-element-populated\">\n\t\t\t\t\t\t<div class=\"elementor-element elementor-element-7a002b3 elementor-widget elementor-widget-image\" data-id=\"7a002b3\" data-element_type=\"widget\" data-widget_type=\"image.default\">\n\t\t\t\t<div class=\"elementor-widget-container\">\n\t\t\t\t\t\t\t\t\t\t\t\t\t\t\t<img fetchpriority=\"high\" decoding=\"async\" width=\"800\" height=\"600\" src=\"https:\/\/busmetall.de\/wp-content\/uploads\/2022\/03\/busmetall_produkt800600_0008__MG_0624.jpg\" class=\"attachment-large size-large wp-image-673\" alt=\"\" srcset=\"https:\/\/busmetall.de\/wp-content\/uploads\/2022\/03\/busmetall_produkt800600_0008__MG_0624.jpg 800w, https:\/\/busmetall.de\/wp-content\/uploads\/2022\/03\/busmetall_produkt800600_0008__MG_0624-300x225.jpg 300w, https:\/\/busmetall.de\/wp-content\/uploads\/2022\/03\/busmetall_produkt800600_0008__MG_0624-768x576.jpg 768w\" sizes=\"(max-width: 800px) 100vw, 800px\" \/>\t\t\t\t\t\t\t\t\t\t\t\t\t\t\t<\/div>\n\t\t\t\t<\/div>\n\t\t\t\t<div class=\"elementor-element elementor-element-20ae978 elementor-widget elementor-widget-text-editor\" data-id=\"20ae978\" data-element_type=\"widget\" data-widget_type=\"text-editor.default\">\n\t\t\t\t<div class=\"elementor-widget-container\">\n\t\t\t\t\t\t\t\t\t<p>Lorem ipsum dolor sit amet, consectetur adipiscing elit. Ut elit tellus, luctus nec ullamcorper mattis, pulvinar dapibus leo.<\/p>\t\t\t\t\t\t\t\t<\/div>\n\t\t\t\t<\/div>\n\t\t\t\t\t<\/div>\n\t\t<\/div>\n\t\t\t\t<div class=\"elementor-column elementor-col-33 elementor-top-column elementor-element elementor-element-4cd2f48\" data-id=\"4cd2f48\" data-element_type=\"column\">\n\t\t\t<div class=\"elementor-widget-wrap elementor-element-populated\">\n\t\t\t\t\t\t<div class=\"elementor-element elementor-element-d1b2fa9 elementor-widget elementor-widget-image\" data-id=\"d1b2fa9\" data-element_type=\"widget\" data-widget_type=\"image.default\">\n\t\t\t\t<div class=\"elementor-widget-container\">\n\t\t\t\t\t\t\t\t\t\t\t\t\t\t\t<img fetchpriority=\"high\" decoding=\"async\" width=\"800\" height=\"600\" src=\"https:\/\/busmetall.de\/wp-content\/uploads\/2022\/03\/busmetall_produkt800600_0008__MG_0624.jpg\" class=\"attachment-large size-large wp-image-673\" alt=\"\" srcset=\"https:\/\/busmetall.de\/wp-content\/uploads\/2022\/03\/busmetall_produkt800600_0008__MG_0624.jpg 800w, https:\/\/busmetall.de\/wp-content\/uploads\/2022\/03\/busmetall_produkt800600_0008__MG_0624-300x225.jpg 300w, https:\/\/busmetall.de\/wp-content\/uploads\/2022\/03\/busmetall_produkt800600_0008__MG_0624-768x576.jpg 768w\" sizes=\"(max-width: 800px) 100vw, 800px\" \/>\t\t\t\t\t\t\t\t\t\t\t\t\t\t\t<\/div>\n\t\t\t\t<\/div>\n\t\t\t\t<div class=\"elementor-element elementor-element-9cce23d elementor-widget elementor-widget-text-editor\" data-id=\"9cce23d\" data-element_type=\"widget\" data-widget_type=\"text-editor.default\">\n\t\t\t\t<div class=\"elementor-widget-container\">\n\t\t\t\t\t\t\t\t\t<p>Lorem ipsum dolor sit amet, consectetur adipiscing elit. Ut elit tellus, luctus nec ullamcorper mattis, pulvinar dapibus leo.<\/p>\t\t\t\t\t\t\t\t<\/div>\n\t\t\t\t<\/div>\n\t\t\t\t\t<\/div>\n\t\t<\/div>\n\t\t\t\t\t<\/div>\n\t\t<\/section>\n\t\t\t\t<section class=\"elementor-section elementor-top-section elementor-element elementor-element-b096464 elementor-section-boxed elementor-section-height-default elementor-section-height-default\" data-id=\"b096464\" data-element_type=\"section\">\n\t\t\t\t\t\t<div class=\"elementor-container elementor-column-gap-default\">\n\t\t\t\t\t<div class=\"elementor-column elementor-col-33 elementor-top-column elementor-element elementor-element-a2cdba9\" data-id=\"a2cdba9\" data-element_type=\"column\">\n\t\t\t<div class=\"elementor-widget-wrap elementor-element-populated\">\n\t\t\t\t\t\t<div class=\"elementor-element elementor-element-126f38a elementor-widget elementor-widget-image\" data-id=\"126f38a\" data-element_type=\"widget\" data-widget_type=\"image.default\">\n\t\t\t\t<div class=\"elementor-widget-container\">\n\t\t\t\t\t\t\t\t\t\t\t\t\t\t\t<img fetchpriority=\"high\" decoding=\"async\" width=\"800\" height=\"600\" src=\"https:\/\/busmetall.de\/wp-content\/uploads\/2022\/03\/busmetall_produkt800600_0008__MG_0624.jpg\" class=\"attachment-large size-large wp-image-673\" alt=\"\" srcset=\"https:\/\/busmetall.de\/wp-content\/uploads\/2022\/03\/busmetall_produkt800600_0008__MG_0624.jpg 800w, https:\/\/busmetall.de\/wp-content\/uploads\/2022\/03\/busmetall_produkt800600_0008__MG_0624-300x225.jpg 300w, https:\/\/busmetall.de\/wp-content\/uploads\/2022\/03\/busmetall_produkt800600_0008__MG_0624-768x576.jpg 768w\" sizes=\"(max-width: 800px) 100vw, 800px\" \/>\t\t\t\t\t\t\t\t\t\t\t\t\t\t\t<\/div>\n\t\t\t\t<\/div>\n\t\t\t\t<div class=\"elementor-element elementor-element-28a5e80 elementor-widget elementor-widget-text-editor\" data-id=\"28a5e80\" data-element_type=\"widget\" data-widget_type=\"text-editor.default\">\n\t\t\t\t<div class=\"elementor-widget-container\">\n\t\t\t\t\t\t\t\t\t<p>Lorem ipsum dolor sit amet, consectetur adipiscing elit. Ut elit tellus, luctus nec ullamcorper mattis, pulvinar dapibus leo.<\/p>\t\t\t\t\t\t\t\t<\/div>\n\t\t\t\t<\/div>\n\t\t\t\t\t<\/div>\n\t\t<\/div>\n\t\t\t\t<div class=\"elementor-column elementor-col-33 elementor-top-column elementor-element elementor-element-ad65d03\" data-id=\"ad65d03\" data-element_type=\"column\">\n\t\t\t<div class=\"elementor-widget-wrap elementor-element-populated\">\n\t\t\t\t\t\t<div class=\"elementor-element elementor-element-86ac7be elementor-widget elementor-widget-image\" data-id=\"86ac7be\" data-element_type=\"widget\" data-widget_type=\"image.default\">\n\t\t\t\t<div class=\"elementor-widget-container\">\n\t\t\t\t\t\t\t\t\t\t\t\t\t\t\t<img fetchpriority=\"high\" decoding=\"async\" width=\"800\" height=\"600\" src=\"https:\/\/busmetall.de\/wp-content\/uploads\/2022\/03\/busmetall_produkt800600_0008__MG_0624.jpg\" class=\"attachment-large size-large wp-image-673\" alt=\"\" srcset=\"https:\/\/busmetall.de\/wp-content\/uploads\/2022\/03\/busmetall_produkt800600_0008__MG_0624.jpg 800w, https:\/\/busmetall.de\/wp-content\/uploads\/2022\/03\/busmetall_produkt800600_0008__MG_0624-300x225.jpg 300w, https:\/\/busmetall.de\/wp-content\/uploads\/2022\/03\/busmetall_produkt800600_0008__MG_0624-768x576.jpg 768w\" sizes=\"(max-width: 800px) 100vw, 800px\" \/>\t\t\t\t\t\t\t\t\t\t\t\t\t\t\t<\/div>\n\t\t\t\t<\/div>\n\t\t\t\t<div class=\"elementor-element elementor-element-bb41643 elementor-widget elementor-widget-text-editor\" data-id=\"bb41643\" data-element_type=\"widget\" data-widget_type=\"text-editor.default\">\n\t\t\t\t<div class=\"elementor-widget-container\">\n\t\t\t\t\t\t\t\t\t<p>Lorem ipsum dolor sit amet, consectetur adipiscing elit. Ut elit tellus, luctus nec ullamcorper mattis, pulvinar dapibus leo.<\/p>\t\t\t\t\t\t\t\t<\/div>\n\t\t\t\t<\/div>\n\t\t\t\t\t<\/div>\n\t\t<\/div>\n\t\t\t\t<div class=\"elementor-column elementor-col-33 elementor-top-column elementor-element elementor-element-2395070\" data-id=\"2395070\" data-element_type=\"column\">\n\t\t\t<div class=\"elementor-widget-wrap elementor-element-populated\">\n\t\t\t\t\t\t<div class=\"elementor-element elementor-element-90760d7 elementor-widget elementor-widget-image\" data-id=\"90760d7\" data-element_type=\"widget\" data-widget_type=\"image.default\">\n\t\t\t\t<div class=\"elementor-widget-container\">\n\t\t\t\t\t\t\t\t\t\t\t\t\t\t\t<img fetchpriority=\"high\" decoding=\"async\" width=\"800\" height=\"600\" src=\"https:\/\/busmetall.de\/wp-content\/uploads\/2022\/03\/busmetall_produkt800600_0008__MG_0624.jpg\" class=\"attachment-large size-large wp-image-673\" alt=\"\" srcset=\"https:\/\/busmetall.de\/wp-content\/uploads\/2022\/03\/busmetall_produkt800600_0008__MG_0624.jpg 800w, https:\/\/busmetall.de\/wp-content\/uploads\/2022\/03\/busmetall_produkt800600_0008__MG_0624-300x225.jpg 300w, https:\/\/busmetall.de\/wp-content\/uploads\/2022\/03\/busmetall_produkt800600_0008__MG_0624-768x576.jpg 768w\" sizes=\"(max-width: 800px) 100vw, 800px\" \/>\t\t\t\t\t\t\t\t\t\t\t\t\t\t\t<\/div>\n\t\t\t\t<\/div>\n\t\t\t\t<div class=\"elementor-element elementor-element-092fb4c elementor-widget elementor-widget-text-editor\" data-id=\"092fb4c\" data-element_type=\"widget\" data-widget_type=\"text-editor.default\">\n\t\t\t\t<div class=\"elementor-widget-container\">\n\t\t\t\t\t\t\t\t\t<p>Lorem ipsum dolor sit amet, consectetur adipiscing elit. Ut elit tellus, luctus nec ullamcorper mattis, pulvinar dapibus leo.<\/p>\t\t\t\t\t\t\t\t<\/div>\n\t\t\t\t<\/div>\n\t\t\t\t\t<\/div>\n\t\t<\/div>\n\t\t\t\t\t<\/div>\n\t\t<\/section>\n\t\t\t\t<\/div>\n\t\t","protected":false},"excerpt":{"rendered":"<p>Produkte und referenzen Bilder sagen mehr als Worte Produkte aus der Metallverarbeitung und Maschinenbau ist sehr vielf\u00e4ltig, dass sollen auch unsere Beispiele zeigen. Auf den Abbildungen sehen Sie Einzel- bzw. Serienteile, Baugruppen oder montierte Anlagen. Die Bilder sind uns von unseren Kunden zur Verf\u00fcgung gestellt worden, und sollen Ihnen als Anregung und Machbarkeit f\u00fcr die [&hellip;]<\/p>\n","protected":false},"author":2,"featured_media":0,"parent":0,"menu_order":0,"comment_status":"closed","ping_status":"closed","template":"","meta":{"site-sidebar-layout":"no-sidebar","site-content-layout":"page-builder","ast-site-content-layout":"","site-content-style":"default","site-sidebar-style":"default","ast-global-header-display":"","ast-banner-title-visibility":"","ast-main-header-display":"","ast-hfb-above-header-display":"","ast-hfb-below-header-display":"","ast-hfb-mobile-header-display":"","site-post-title":"disabled","ast-breadcrumbs-content":"","ast-featured-img":"disabled","footer-sml-layout":"","theme-transparent-header-meta":"enabled","adv-header-id-meta":"","stick-header-meta":"","header-above-stick-meta":"","header-main-stick-meta":"","header-below-stick-meta":"","astra-migrate-meta-layouts":"default","ast-page-background-enabled":"default","ast-page-background-meta":{"desktop":{"background-color":"","background-image":"","background-repeat":"repeat","background-position":"center center","background-size":"auto","background-attachment":"scroll","background-type":"","background-media":"","overlay-type":"","overlay-color":"","overlay-opacity":"","overlay-gradient":""},"tablet":{"background-color":"","background-image":"","background-repeat":"repeat","background-position":"center center","background-size":"auto","background-attachment":"scroll","background-type":"","background-media":"","overlay-type":"","overlay-color":"","overlay-opacity":"","overlay-gradient":""},"mobile":{"background-color":"","background-image":"","background-repeat":"repeat","background-position":"center center","background-size":"auto","background-attachment":"scroll","background-type":"","background-media":"","overlay-type":"","overlay-color":"","overlay-opacity":"","overlay-gradient":""}},"ast-content-background-meta":{"desktop":{"background-color":"var(--ast-global-color-5)","background-image":"","background-repeat":"repeat","background-position":"center center","background-size":"auto","background-attachment":"scroll","background-type":"","background-media":"","overlay-type":"","overlay-color":"","overlay-opacity":"","overlay-gradient":""},"tablet":{"background-color":"var(--ast-global-color-5)","background-image":"","background-repeat":"repeat","background-position":"center center","background-size":"auto","background-attachment":"scroll","background-type":"","background-media":"","overlay-type":"","overlay-color":"","overlay-opacity":"","overlay-gradient":""},"mobile":{"background-color":"var(--ast-global-color-5)","background-image":"","background-repeat":"repeat","background-position":"center center","background-size":"auto","background-attachment":"scroll","background-type":"","background-media":"","overlay-type":"","overlay-color":"","overlay-opacity":"","overlay-gradient":""}},"footnotes":""},"aioseo_notices":[],"_links":{"self":[{"href":"https:\/\/busmetall.de\/index.php\/wp-json\/wp\/v2\/pages\/441"}],"collection":[{"href":"https:\/\/busmetall.de\/index.php\/wp-json\/wp\/v2\/pages"}],"about":[{"href":"https:\/\/busmetall.de\/index.php\/wp-json\/wp\/v2\/types\/page"}],"author":[{"embeddable":true,"href":"https:\/\/busmetall.de\/index.php\/wp-json\/wp\/v2\/users\/2"}],"replies":[{"embeddable":true,"href":"https:\/\/busmetall.de\/index.php\/wp-json\/wp\/v2\/comments?post=441"}],"version-history":[{"count":21,"href":"https:\/\/busmetall.de\/index.php\/wp-json\/wp\/v2\/pages\/441\/revisions"}],"predecessor-version":[{"id":822,"href":"https:\/\/busmetall.de\/index.php\/wp-json\/wp\/v2\/pages\/441\/revisions\/822"}],"wp:attachment":[{"href":"https:\/\/busmetall.de\/index.php\/wp-json\/wp\/v2\/media?parent=441"}],"curies":[{"name":"wp","href":"https:\/\/api.w.org\/{rel}","templated":true}]}}